{"id":223,"date":"2024-02-07T09:27:02","date_gmt":"2024-02-07T09:27:02","guid":{"rendered":"https:\/\/gaussresearchgroup.uma.es\/?page_id=223"},"modified":"2024-05-03T09:43:08","modified_gmt":"2024-05-03T09:43:08","slug":"seminars","status":"publish","type":"page","link":"https:\/\/gaussresearchgroup.uma.es\/index.php\/seminars\/","title":{"rendered":"Gauss Seminar"},"content":{"rendered":"\n<div style=\"height:var(--wp--preset--spacing--50)\" aria-hidden=\"true\" class=\"wp-block-spacer\"><\/div>\n\n\n\n<h3 class=\"wp-block-heading has-contrast-3-color has-text-color has-link-color wp-elements-689abbb3a82d1f1265412363ac78b6d6\"><strong>2023-2024<\/strong><\/h3>\n\n\n\n<div class=\"wp-block-group alignwide has-contrast-3-color has-base-2-background-color has-text-color has-background has-link-color wp-elements-25fe8d80f9bae64ac212ff49fd84fe14 has-global-padding is-layout-constrained wp-block-group-is-layout-constrained\">\n<ul class=\"wp-block-list\" style=\"margin-top:var(--wp--preset--spacing--10);margin-right:var(--wp--preset--spacing--30);margin-bottom:var(--wp--preset--spacing--10);margin-left:var(--wp--preset--spacing--10)\">\n<li style=\"margin-top:0;margin-right:var(--wp--preset--spacing--10);margin-bottom:0;margin-left:var(--wp--preset--spacing--10)\">C\u00e1ndido Mart\u00edn Gonz\u00e1lez (UMA). <em>&#8220;Nonassociative algebras and ODEs&#8221;<\/em>. 3, 10, 17 y 24 de abril de 2024.<\/li>\n\n\n\n<li style=\"margin-top:0;margin-right:var(--wp--preset--spacing--10);margin-bottom:0;margin-left:var(--wp--preset--spacing--10)\">Alicia Tocino S\u00e1nchez (UMA). <em>&#8220;Algunas Herramientas de Geometr\u00eda Algebraica: Diagramas de Young y aplicaciones&#8221;<\/em>. 10 y 31 de enero de 2024; 5 de febrero de 2024.<\/li>\n\n\n\n<li style=\"margin-top:0;margin-right:var(--wp--preset--spacing--10);margin-bottom:0;margin-left:var(--wp--preset--spacing--10)\">Iv\u00e1n Ruiz Campos (UMA). &#8220;<em>Introducci\u00f3n a la teor\u00eda de esquemas afines de grupos<\/em>&#8220;. 29 de noviembre de 2023, 13 y 20 de diciembre de 2023.<\/li>\n\n\n\n<li style=\"margin-top:0;margin-right:var(--wp--preset--spacing--10);margin-bottom:0;margin-left:var(--wp--preset--spacing--10)\">Yolanda Cabrera Casado (UMA). &#8220;<em>Procesos estoc\u00e1sticos y \u00e1lgebras de evoluci\u00f3n<\/em>&#8220;. 4, 11, 18, 25 de octubre de 2023 y 22 de noviembre de 2023.<\/li>\n<\/ul>\n<\/div>\n","protected":false},"excerpt":{"rendered":"<p>2023-2024<\/p>\n","protected":false},"author":1,"featured_media":0,"parent":0,"menu_order":0,"comment_status":"closed","ping_status":"closed","template":"page-wide","meta":{"footnotes":""},"class_list":["post-223","page","type-page","status-publish","hentry"],"_links":{"self":[{"href":"https:\/\/gaussresearchgroup.uma.es\/index.php\/wp-json\/wp\/v2\/pages\/223","targetHints":{"allow":["GET"]}}],"collection":[{"href":"https:\/\/gaussresearchgroup.uma.es\/index.php\/wp-json\/wp\/v2\/pages"}],"about":[{"href":"https:\/\/gaussresearchgroup.uma.es\/index.php\/wp-json\/wp\/v2\/types\/page"}],"author":[{"embeddable":true,"href":"https:\/\/gaussresearchgroup.uma.es\/index.php\/wp-json\/wp\/v2\/users\/1"}],"replies":[{"embeddable":true,"href":"https:\/\/gaussresearchgroup.uma.es\/index.php\/wp-json\/wp\/v2\/comments?post=223"}],"version-history":[{"count":8,"href":"https:\/\/gaussresearchgroup.uma.es\/index.php\/wp-json\/wp\/v2\/pages\/223\/revisions"}],"predecessor-version":[{"id":275,"href":"https:\/\/gaussresearchgroup.uma.es\/index.php\/wp-json\/wp\/v2\/pages\/223\/revisions\/275"}],"wp:attachment":[{"href":"https:\/\/gaussresearchgroup.uma.es\/index.php\/wp-json\/wp\/v2\/media?parent=223"}],"curies":[{"name":"wp","href":"https:\/\/api.w.org\/{rel}","templated":true}]}}